{"id":64,"date":"2020-07-05T21:44:46","date_gmt":"2020-07-05T20:44:46","guid":{"rendered":"https:\/\/carloans.nu\/dk\/?page_id=64"},"modified":"2020-07-30T13:55:32","modified_gmt":"2020-07-30T12:55:32","slug":"carloans-nu-denmark","status":"publish","type":"page","link":"https:\/\/carloans.nu\/dk\/","title":{"rendered":"Carloans.nu Denmark"},"content":{"rendered":"\t\t<div data-elementor-type=\"wp-page\" data-elementor-id=\"64\" class=\"elementor elementor-64\" data-elementor-settings=\"[]\">\n\t\t\t<div class=\"elementor-inner\">\n\t\t\t\t<div class=\"elementor-section-wrap\">\n\t\t\t\t\t\t\t<section class=\"elementor-element elementor-element-50d66d98 elementor-section-content-middle elementor-section-boxed elementor-section-height-default elementor-section-height-default elementor-section elementor-top-section\" data-id=\"50d66d98\" data-element_type=\"section\" data-settings=\"{&quot;background_background&quot;:&quot;classic&quot;}\">\n\t\t\t\t\t\t\t<div class=\"elementor-background-overlay\"><\/div>\n\t\t\t\t\t\t\t<div class=\"elementor-container elementor-column-gap-no\">\n\t\t\t\t<div class=\"elementor-row\">\n\t\t\t\t<div class=\"elementor-element elementor-element-7d587f7f elementor-column elementor-col-100 elementor-top-column\" data-id=\"7d587f7f\" data-element_type=\"column\">\n\t\t\t<div class=\"elementor-column-wrap  elementor-element-populated\">\n\t\t\t\t\t<div class=\"elementor-widget-wrap\">\n\t\t\t\t<div class=\"elementor-element elementor-element-65a83ae0 elementor-widget elementor-widget-spacer\" data-id=\"65a83ae0\" data-element_type=\"widget\" data-widget_type=\"spacer.default\">\n\t\t\t\t<div class=\"elementor-widget-container\">\n\t\t\t\t\t<div class=\"elementor-spacer\">\n\t\t\t<div class=\"elementor-spacer-inner\"><\/div>\n\t\t<\/div>\n\t\t\t\t<\/div>\n\t\t\t\t<\/div>\n\t\t\t\t\t\t<\/div>\n\t\t\t<\/div>\n\t\t<\/div>\n\t\t\t\t\t\t<\/div>\n\t\t\t<\/div>\n\t\t<\/section>\n\t\t\t\t<section class=\"elementor-element elementor-element-e833723 elementor-section-boxed elementor-section-height-default elementor-section-height-default elementor-section elementor-top-section\" data-id=\"e833723\" data-element_type=\"section\">\n\t\t\t\t\t\t<div class=\"elementor-container elementor-column-gap-default\">\n\t\t\t\t<div class=\"elementor-row\">\n\t\t\t\t<div class=\"elementor-element elementor-element-4d0d387 elementor-column elementor-col-100 elementor-top-column\" data-id=\"4d0d387\" data-element_type=\"column\">\n\t\t\t<div class=\"elementor-column-wrap  elementor-element-populated\">\n\t\t\t\t\t<div class=\"elementor-widget-wrap\">\n\t\t\t\t<div class=\"elementor-element elementor-element-aca19e1 elementor-widget elementor-widget-heading\" data-id=\"aca19e1\" data-element_type=\"widget\" data-widget_type=\"heading.default\">\n\t\t\t\t<div class=\"elementor-widget-container\">\n\t\t\t<h2 class=\"elementor-heading-title elementor-size-default\">Lad bankerne konkurrere om dig og dit n\u00e6ste bill\u00e5n<\/h2>\t\t<\/div>\n\t\t\t\t<\/div>\n\t\t\t\t\t\t<\/div>\n\t\t\t<\/div>\n\t\t<\/div>\n\t\t\t\t\t\t<\/div>\n\t\t\t<\/div>\n\t\t<\/section>\n\t\t\t\t<section class=\"elementor-element elementor-element-68fa683 elementor-section-boxed elementor-section-height-default elementor-section-height-default elementor-section elementor-top-section\" data-id=\"68fa683\" data-element_type=\"section\">\n\t\t\t\t\t\t<div class=\"elementor-container elementor-column-gap-default\">\n\t\t\t\t<div class=\"elementor-row\">\n\t\t\t\t<div class=\"elementor-element elementor-element-9ca9f2c elementor-column elementor-col-100 elementor-top-column\" data-id=\"9ca9f2c\" data-element_type=\"column\">\n\t\t\t<div class=\"elementor-column-wrap  elementor-element-populated\">\n\t\t\t\t\t<div class=\"elementor-widget-wrap\">\n\t\t\t\t<div class=\"elementor-element elementor-element-d6a8c49 elementor-widget elementor-widget-shortcode\" data-id=\"d6a8c49\" data-element_type=\"widget\" data-widget_type=\"shortcode.default\">\n\t\t\t\t<div class=\"elementor-widget-container\">\n\t\t\t\t\t<div class=\"elementor-shortcode\"><script>\r\n\r\n\tvar salusgroup = {\"publisher\":{}, \"prefill\":{}};\r\n\r\n\tsalusgroup.prefill['loan_amount'] = '250000';\r\n\tsalusgroup.prefill['loan_period'] = '8';\r\n\tsalusgroup.prefill['email'] = salusgroup.getParams()['email'];\r\n\tsalusgroup.prefill['phone'] = salusgroup.getParams()['phone'];\r\n\r\n\t\/\/ all fields can be prefilled this way - just inspect the \"id\" of the field on the form\r\n\r\n<\/script>\r\n<script async src=\"https:\/\/cdn.salus.group\/forms\/salusgroup_forms_min.js?token=dk_6555_frontpage_samlelannu\"><\/script><\/div>\n\t\t\t\t<\/div>\n\t\t\t\t<\/div>\n\t\t\t\t\t\t<\/div>\n\t\t\t<\/div>\n\t\t<\/div>\n\t\t\t\t\t\t<\/div>\n\t\t\t<\/div>\n\t\t<\/section>\n\t\t\t\t<section class=\"elementor-element elementor-element-164541f2 elementor-section-content-middle elementor-section-boxed elementor-section-height-default elementor-section-height-default elementor-section elementor-top-section\" data-id=\"164541f2\" data-element_type=\"section\">\n\t\t\t\t\t\t<div class=\"elementor-container elementor-column-gap-no\">\n\t\t\t\t<div class=\"elementor-row\">\n\t\t\t\t<div class=\"elementor-element elementor-element-7909e21e elementor-column elementor-col-100 elementor-top-column\" data-id=\"7909e21e\" data-element_type=\"column\">\n\t\t\t<div class=\"elementor-column-wrap  elementor-element-populated\">\n\t\t\t\t\t<div class=\"elementor-widget-wrap\">\n\t\t\t\t<div class=\"elementor-element elementor-element-3939ef50 elementor-widget elementor-widget-heading\" data-id=\"3939ef50\" data-element_type=\"widget\" data-widget_type=\"heading.default\">\n\t\t\t\t<div class=\"elementor-widget-container\">\n\t\t\t<h3 class=\"elementor-heading-title elementor-size-default\"><h3 class=\"LC20lb DKV0Md\" style=\"font-family: Montserrat, sans-serif; white-space: normal; text-align: center;\">Bill\u00e5n op til 500.000 \u2192 Bedste tilbud fra flere banker<\/h3><\/h3>\t\t<\/div>\n\t\t\t\t<\/div>\n\t\t\t\t\t\t<\/div>\n\t\t\t<\/div>\n\t\t<\/div>\n\t\t\t\t\t\t<\/div>\n\t\t\t<\/div>\n\t\t<\/section>\n\t\t\t\t<section class=\"elementor-element elementor-element-1630e192 elementor-section-boxed elementor-section-height-default elementor-section-height-default elementor-section elementor-top-section\" data-id=\"1630e192\" data-element_type=\"section\">\n\t\t\t\t\t\t<div class=\"elementor-container elementor-column-gap-default\">\n\t\t\t\t<div class=\"elementor-row\">\n\t\t\t\t<div class=\"elementor-element elementor-element-d96fce1 elementor-column elementor-col-100 elementor-top-column\" data-id=\"d96fce1\" data-element_type=\"column\">\n\t\t\t<div class=\"elementor-column-wrap  elementor-element-populated\">\n\t\t\t\t\t<div class=\"elementor-widget-wrap\">\n\t\t\t\t<div class=\"elementor-element elementor-element-33566993 elementor-widget elementor-widget-text-editor\" data-id=\"33566993\" data-element_type=\"widget\" data-widget_type=\"text-editor.default\">\n\t\t\t\t<div class=\"elementor-widget-container\">\n\t\t\t\t\t<div class=\"elementor-text-editor elementor-clearfix\"><!-- wp:shortcoder\/shortcoder -->\n<script type=\"text\/javascript\" src=\"https:\/\/static.ascontentcloud.com\/comparisonfeed\/resources\/js\/iframeResizer.min.js\"><\/script>\r\n<iframe id=\"as-comparison-iframe-134144785\" style=\"border: none; width: 1px; min-width: 100%; overflow: hidden; \" scrolling=\"no\" src=\"https:\/\/feed.ascontentcloud.com\/cgi-bin\/publisher\/comparisoniFramePreview.pl?feed=carloans-nu-dk\" onload=\"iFrameResize({heightCalculationMethod: 'taggedElement', checkOrigin: false}, this);\"><\/iframe>\n<!-- \/wp:shortcoder\/shortcoder --><\/div>\n\t\t\t\t<\/div>\n\t\t\t\t<\/div>\n\t\t\t\t\t\t<\/div>\n\t\t\t<\/div>\n\t\t<\/div>\n\t\t\t\t\t\t<\/div>\n\t\t\t<\/div>\n\t\t<\/section>\n\t\t\t\t\t\t<\/div>\n\t\t\t<\/div>\n\t\t<\/div>\n\t\t","protected":false},"excerpt":{"rendered":"<p>Lad bankerne konkurrere om dig og dit n\u00e6ste bill\u00e5n Bill\u00e5n op til 500.000 \u2192 Bedste tilbud fra flere banker<\/p>\n","protected":false},"author":1,"featured_media":0,"parent":0,"menu_order":0,"comment_status":"closed","ping_status":"closed","template":"","meta":[],"_links":{"self":[{"href":"https:\/\/carloans.nu\/dk\/wp-json\/wp\/v2\/pages\/64"}],"collection":[{"href":"https:\/\/carloans.nu\/dk\/wp-json\/wp\/v2\/pages"}],"about":[{"href":"https:\/\/carloans.nu\/dk\/wp-json\/wp\/v2\/types\/page"}],"author":[{"embeddable":true,"href":"https:\/\/carloans.nu\/dk\/wp-json\/wp\/v2\/users\/1"}],"replies":[{"embeddable":true,"href":"https:\/\/carloans.nu\/dk\/wp-json\/wp\/v2\/comments?post=64"}],"version-history":[{"count":9,"href":"https:\/\/carloans.nu\/dk\/wp-json\/wp\/v2\/pages\/64\/revisions"}],"predecessor-version":[{"id":99,"href":"https:\/\/carloans.nu\/dk\/wp-json\/wp\/v2\/pages\/64\/revisions\/99"}],"wp:attachment":[{"href":"https:\/\/carloans.nu\/dk\/wp-json\/wp\/v2\/media?parent=64"}],"curies":[{"name":"wp","href":"https:\/\/api.w.org\/{rel}","templated":true}]}}